{"id":208,"date":"2019-09-09T12:05:57","date_gmt":"2019-09-09T18:05:57","guid":{"rendered":"http:\/\/ecoempatia.com.mx\/?page_id=208"},"modified":"2025-07-11T19:39:32","modified_gmt":"2025-07-12T01:39:32","slug":"que-es-un-panal-lavable-o-ecologico","status":"publish","type":"page","link":"https:\/\/ecoempatia.com.mx\/index.php\/que-es-un-panal-lavable-o-ecologico\/","title":{"rendered":"\u00bfQu\u00e9 es un pa\u00f1al lavable o ecol\u00f3gico?"},"content":{"rendered":"<div class=\"wp-block-themeisle-blocks-advanced-columns has-1-columns has-desktop-equal-layout has-tablet-equal-layout has-mobile-equal-layout has-default-gap has-vertical-unset\" id=\"wp-block-themeisle-blocks-advanced-columns-fd683167\" style=\"border-width:0px;border-style:solid;border-color:#000000;border-radius:0px;justify-content:unset\"><div class=\"wp-themeisle-block-overlay\" style=\"opacity:0.5;mix-blend-mode:normal\"><\/div><div class=\"innerblocks-wrap\"><div class=\"wp-block-themeisle-blocks-advanced-column\" id=\"wp-block-themeisle-blocks-advanced-column-797265d8\" style=\"border-width:0px;border-style:solid;border-color:#000000;border-radius:0px\"><p>\n\nEs un pa\u00f1al de tela moderno que puede reutilizarse hasta 600 veces, ahorrando a los pap\u00e1s del beb\u00e9 aproximadamente $25mil pesos. Cuidan el medio ambiente ya que no contaminan como los desechables. Es un pa\u00f1al de bolsillo que permite controlar la absorci\u00f3n que cada beb\u00e9 necesite. Est\u00e1 elaborado en telas para que se le desprenda la pop\u00f3 con facilidad, y sea sencillo de lavar en lavadora.\n\n<\/p><\/div><\/div><\/div>","protected":false},"excerpt":{"rendered":"","protected":false},"author":1,"featured_media":228,"parent":0,"menu_order":0,"comment_status":"closed","ping_status":"closed","template":"","meta":{"footnotes":""},"class_list":["post-208","page","type-page","status-publish","has-post-thumbnail","hentry"],"_links":{"self":[{"href":"https:\/\/ecoempatia.com.mx\/index.php\/wp-json\/wp\/v2\/pages\/208","targetHints":{"allow":["GET"]}}],"collection":[{"href":"https:\/\/ecoempatia.com.mx\/index.php\/wp-json\/wp\/v2\/pages"}],"about":[{"href":"https:\/\/ecoempatia.com.mx\/index.php\/wp-json\/wp\/v2\/types\/page"}],"author":[{"embeddable":true,"href":"https:\/\/ecoempatia.com.mx\/index.php\/wp-json\/wp\/v2\/users\/1"}],"replies":[{"embeddable":true,"href":"https:\/\/ecoempatia.com.mx\/index.php\/wp-json\/wp\/v2\/comments?post=208"}],"version-history":[{"count":2,"href":"https:\/\/ecoempatia.com.mx\/index.php\/wp-json\/wp\/v2\/pages\/208\/revisions"}],"predecessor-version":[{"id":5937,"href":"https:\/\/ecoempatia.com.mx\/index.php\/wp-json\/wp\/v2\/pages\/208\/revisions\/5937"}],"wp:featuredmedia":[{"embeddable":true,"href":"https:\/\/ecoempatia.com.mx\/index.php\/wp-json\/wp\/v2\/media\/228"}],"wp:attachment":[{"href":"https:\/\/ecoempatia.com.mx\/index.php\/wp-json\/wp\/v2\/media?parent=208"}],"curies":[{"name":"wp","href":"https:\/\/api.w.org\/{rel}","templated":true}]}}